{"id":623,"date":"2024-04-19T06:57:21","date_gmt":"2024-04-19T06:57:21","guid":{"rendered":"https:\/\/katharinamau.de\/journalistin\/?page_id=623"},"modified":"2024-06-12T09:33:32","modified_gmt":"2024-06-12T09:33:32","slug":"wie-wir-eine-welt-ohne-wachstum-schaffen","status":"publish","type":"page","link":"https:\/\/katharinamau.de\/journalistin\/wie-wir-eine-welt-ohne-wachstum-schaffen","title":{"rendered":"Wie wir eine Welt ohne Wachstum schaffen"},"content":{"rendered":"\n<p>Mein Buch <a href=\"https:\/\/www.loewenzahn.at\/produkt\/2989\/das-ende-der-erschoepfung\/\" target=\"_blank\" rel=\"noreferrer noopener\">\u201eDas Ende der Ersch\u00f6pfung\u201c<\/a> ist am 2. Mai im L\u00f6wenzahn Verlag erschienen. Darin stelle ich verschiedene Vorschl\u00e4ge vor, wie eine Wirtschaft funktionieren k\u00f6nnte, in der wir nicht auf Wachstum angewiesen sind. Eine Wirtschaft, in der es keine Sanktionen bei der Grundsicherung gibt, in der wir weniger erwerbsarbeiten und mehr Zeit f\u00fcr uns und andere haben, in der \u00d6l- und Gasunternehmen nicht mehr die Freiheit haben, unsere Lebensgrundlagen zu zerst\u00f6ren.<\/p>\n\n\n\n<div class=\"wp-block-image\"><figure class=\"aligncenter size-medium\"><img loading=\"lazy\" decoding=\"async\" width=\"206\" height=\"300\" src=\"https:\/\/katharinamau.de\/wp-content\/uploads\/2024\/04\/Cover_Das-Ende-der-Erschoepfung-206x300.png\" alt=\"Das Bild zeigt das Cover des Buches &quot;Das Ende der Ersch\u00f6pfung&quot;. Die Worte des Titels stehen versetzt untereinander in gro\u00dfen, schwarzen Buchstaben. Darunter der Untertitel &quot;Wie wir eine Welt ohne Wachstum schaffen&quot;. Im Hintergrund wechseln sich pinke und orangefarbene gebogene Linien ab. Oben rechts steht die Autorin Katharina Mau. Unten rechts der Verlag &quot;L\u00f6wenzahn&quot;. \" class=\"wp-image-624\" srcset=\"https:\/\/katharinamau.de\/wp-content\/uploads\/2024\/04\/Cover_Das-Ende-der-Erschoepfung-206x300.png 206w, https:\/\/katharinamau.de\/wp-content\/uploads\/2024\/04\/Cover_Das-Ende-der-Erschoepfung-701x1024.png 701w, https:\/\/katharinamau.de\/wp-content\/uploads\/2024\/04\/Cover_Das-Ende-der-Erschoepfung-768x1121.png 768w, https:\/\/katharinamau.de\/wp-content\/uploads\/2024\/04\/Cover_Das-Ende-der-Erschoepfung-1052x1536.png 1052w, https:\/\/katharinamau.de\/wp-content\/uploads\/2024\/04\/Cover_Das-Ende-der-Erschoepfung-973x1420.png 973w, https:\/\/katharinamau.de\/wp-content\/uploads\/2024\/04\/Cover_Das-Ende-der-Erschoepfung-508x742.png 508w, https:\/\/katharinamau.de\/wp-content\/uploads\/2024\/04\/Cover_Das-Ende-der-Erschoepfung.png 1233w\" sizes=\"(max-width: 206px) 100vw, 206px\" \/><figcaption>Covergestaltung: <br>Jasmin Keune-Galeski<\/figcaption><\/figure><\/div>\n\n\n\n<p>Es geht um Fragen wie: Was brauchen wir, damit es Menschen gut geht, alle teilhaben k\u00f6nnen und niemand zur\u00fcckf\u00e4llt? Wer hat Macht zu entscheiden, was wir mit unseren begrenzten Ressourcen tun? Wieso d\u00fcrfen Milliard\u00e4re in den Weltraum fliegen und Tonnen an Treibhausgasen in die Welt pusten, w\u00e4hrend andere versuchen, nur noch am Wochenende Fleisch zu essen und nicht zu lang hei\u00df zu duschen? Ich stelle Vorschl\u00e4ge vor, um den Reichtum und damit die Macht Einzelner zu begrenzen. Es geht um Ideen, wie unsere Demokratie demokratischer werden k\u00f6nnte. Und um Mittel, die sicherstellen sollen, dass Investitionen dort hinflie\u00dfen, wo wir sie brauchen und nicht, wo sie am meisten Geld erwirtschaften.<\/p>\n","protected":false},"excerpt":{"rendered":"<p>Mein Buch \u201eDas Ende der Ersch\u00f6pfung\u201c ist am 2. Mai im L\u00f6wenzahn Verlag erschienen. Darin stelle ich verschiedene Vorschl\u00e4ge vor, wie eine Wirtschaft funktionieren k\u00f6nnte, in der wir&#8230;<\/p>\n","protected":false},"author":1,"featured_media":0,"parent":0,"menu_order":0,"comment_status":"closed","ping_status":"closed","template":"","meta":{"footnotes":""},"class_list":["post-623","page","type-page","status-publish","hentry"],"yoast_head":"<!-- This site is optimized with the Yoast SEO plugin v25.6 - https:\/\/yoast.com\/wordpress\/plugins\/seo\/ -->\n<title>Wie wir eine Welt ohne Wachstum schaffen<\/title>\n<meta name=\"description\" content=\"Mein Buch \u201eDas Ende der Ersch\u00f6pfung\u201c ist am 2. Mai im L\u00f6wenzahn Verlag erschienen. Darin stelle ich verschiedene Vorschl\u00e4ge vor, wie eine Wirtschaft\" \/>\n<meta name=\"robots\" content=\"index, follow, max-snippet:-1, max-image-preview:large, max-video-preview:-1\" \/>\n<link rel=\"canonical\" href=\"https:\/\/katharinamau.de\/journalistin\/wie-wir-eine-welt-ohne-wachstum-schaffen\" \/>\n<meta property=\"og:locale\" content=\"de_DE\" \/>\n<meta property=\"og:type\" content=\"article\" \/>\n<meta property=\"og:title\" content=\"Wie wir eine Welt ohne Wachstum schaffen\" \/>\n<meta property=\"og:description\" content=\"Mein Buch \u201eDas Ende der Ersch\u00f6pfung\u201c ist am 2. Mai im L\u00f6wenzahn Verlag erschienen. Darin stelle ich verschiedene Vorschl\u00e4ge vor, wie eine Wirtschaft\" \/>\n<meta property=\"og:url\" content=\"https:\/\/katharinamau.de\/journalistin\/wie-wir-eine-welt-ohne-wachstum-schaffen\" \/>\n<meta property=\"og:site_name\" content=\"Katharina Mau\" \/>\n<meta property=\"article:publisher\" content=\"https:\/\/www.facebook.com\/kathi.mau.71?ref=bookmarks\" \/>\n<meta property=\"article:modified_time\" content=\"2024-06-12T09:33:32+00:00\" \/>\n<meta property=\"og:image\" content=\"https:\/\/katharinamau.de\/wp-content\/uploads\/2024\/04\/Cover_Das-Ende-der-Erschoepfung-206x300.png\" \/>\n<meta name=\"twitter:card\" content=\"summary_large_image\" \/>\n<meta name=\"twitter:site\" content=\"@katharina_mau\" \/>\n<meta name=\"twitter:label1\" content=\"Gesch\u00e4tzte Lesezeit\" \/>\n\t<meta name=\"twitter:data1\" content=\"2\u00a0Minuten\" \/>\n<script type=\"application\/ld+json\" class=\"yoast-schema-graph\">{\"@context\":\"https:\/\/schema.org\",\"@graph\":[{\"@type\":\"WebPage\",\"@id\":\"https:\/\/katharinamau.de\/journalistin\/wie-wir-eine-welt-ohne-wachstum-schaffen\",\"url\":\"https:\/\/katharinamau.de\/journalistin\/wie-wir-eine-welt-ohne-wachstum-schaffen\",\"name\":\"Wie wir eine Welt ohne Wachstum schaffen\",\"isPartOf\":{\"@id\":\"https:\/\/katharinamau.de\/journalistin\/#website\"},\"primaryImageOfPage\":{\"@id\":\"https:\/\/katharinamau.de\/journalistin\/wie-wir-eine-welt-ohne-wachstum-schaffen#primaryimage\"},\"image\":{\"@id\":\"https:\/\/katharinamau.de\/journalistin\/wie-wir-eine-welt-ohne-wachstum-schaffen#primaryimage\"},\"thumbnailUrl\":\"https:\/\/katharinamau.de\/wp-content\/uploads\/2024\/04\/Cover_Das-Ende-der-Erschoepfung-206x300.png\",\"datePublished\":\"2024-04-19T06:57:21+00:00\",\"dateModified\":\"2024-06-12T09:33:32+00:00\",\"description\":\"Mein Buch \u201eDas Ende der Ersch\u00f6pfung\u201c ist am 2. Mai im L\u00f6wenzahn Verlag erschienen. Darin stelle ich verschiedene Vorschl\u00e4ge vor, wie eine Wirtschaft\",\"breadcrumb\":{\"@id\":\"https:\/\/katharinamau.de\/journalistin\/wie-wir-eine-welt-ohne-wachstum-schaffen#breadcrumb\"},\"inLanguage\":\"de\",\"potentialAction\":[{\"@type\":\"ReadAction\",\"target\":[\"https:\/\/katharinamau.de\/journalistin\/wie-wir-eine-welt-ohne-wachstum-schaffen\"]}]},{\"@type\":\"ImageObject\",\"inLanguage\":\"de\",\"@id\":\"https:\/\/katharinamau.de\/journalistin\/wie-wir-eine-welt-ohne-wachstum-schaffen#primaryimage\",\"url\":\"https:\/\/katharinamau.de\/wp-content\/uploads\/2024\/04\/Cover_Das-Ende-der-Erschoepfung-206x300.png\",\"contentUrl\":\"https:\/\/katharinamau.de\/wp-content\/uploads\/2024\/04\/Cover_Das-Ende-der-Erschoepfung-206x300.png\"},{\"@type\":\"BreadcrumbList\",\"@id\":\"https:\/\/katharinamau.de\/journalistin\/wie-wir-eine-welt-ohne-wachstum-schaffen#breadcrumb\",\"itemListElement\":[{\"@type\":\"ListItem\",\"position\":1,\"name\":\"Startseite\",\"item\":\"https:\/\/katharinamau.de\/journalistin\/\"},{\"@type\":\"ListItem\",\"position\":2,\"name\":\"Wie wir eine Welt ohne Wachstum schaffen\"}]},{\"@type\":\"WebSite\",\"@id\":\"https:\/\/katharinamau.de\/journalistin\/#website\",\"url\":\"https:\/\/katharinamau.de\/journalistin\/\",\"name\":\"Katharina Mau\",\"description\":\"Journalistin\",\"potentialAction\":[{\"@type\":\"SearchAction\",\"target\":{\"@type\":\"EntryPoint\",\"urlTemplate\":\"https:\/\/katharinamau.de\/journalistin\/?s={search_term_string}\"},\"query-input\":{\"@type\":\"PropertyValueSpecification\",\"valueRequired\":true,\"valueName\":\"search_term_string\"}}],\"inLanguage\":\"de\"}]}<\/script>\n<!-- \/ Yoast SEO plugin. -->","yoast_head_json":{"title":"Wie wir eine Welt ohne Wachstum schaffen","description":"Mein Buch \u201eDas Ende der Ersch\u00f6pfung\u201c ist am 2. Mai im L\u00f6wenzahn Verlag erschienen. Darin stelle ich verschiedene Vorschl\u00e4ge vor, wie eine Wirtschaft","robots":{"index":"index","follow":"follow","max-snippet":"max-snippet:-1","max-image-preview":"max-image-preview:large","max-video-preview":"max-video-preview:-1"},"canonical":"https:\/\/katharinamau.de\/journalistin\/wie-wir-eine-welt-ohne-wachstum-schaffen","og_locale":"de_DE","og_type":"article","og_title":"Wie wir eine Welt ohne Wachstum schaffen","og_description":"Mein Buch \u201eDas Ende der Ersch\u00f6pfung\u201c ist am 2. Mai im L\u00f6wenzahn Verlag erschienen. Darin stelle ich verschiedene Vorschl\u00e4ge vor, wie eine Wirtschaft","og_url":"https:\/\/katharinamau.de\/journalistin\/wie-wir-eine-welt-ohne-wachstum-schaffen","og_site_name":"Katharina Mau","article_publisher":"https:\/\/www.facebook.com\/kathi.mau.71?ref=bookmarks","article_modified_time":"2024-06-12T09:33:32+00:00","og_image":[{"url":"https:\/\/katharinamau.de\/wp-content\/uploads\/2024\/04\/Cover_Das-Ende-der-Erschoepfung-206x300.png","type":"","width":"","height":""}],"twitter_card":"summary_large_image","twitter_site":"@katharina_mau","twitter_misc":{"Gesch\u00e4tzte Lesezeit":"2\u00a0Minuten"},"schema":{"@context":"https:\/\/schema.org","@graph":[{"@type":"WebPage","@id":"https:\/\/katharinamau.de\/journalistin\/wie-wir-eine-welt-ohne-wachstum-schaffen","url":"https:\/\/katharinamau.de\/journalistin\/wie-wir-eine-welt-ohne-wachstum-schaffen","name":"Wie wir eine Welt ohne Wachstum schaffen","isPartOf":{"@id":"https:\/\/katharinamau.de\/journalistin\/#website"},"primaryImageOfPage":{"@id":"https:\/\/katharinamau.de\/journalistin\/wie-wir-eine-welt-ohne-wachstum-schaffen#primaryimage"},"image":{"@id":"https:\/\/katharinamau.de\/journalistin\/wie-wir-eine-welt-ohne-wachstum-schaffen#primaryimage"},"thumbnailUrl":"https:\/\/katharinamau.de\/wp-content\/uploads\/2024\/04\/Cover_Das-Ende-der-Erschoepfung-206x300.png","datePublished":"2024-04-19T06:57:21+00:00","dateModified":"2024-06-12T09:33:32+00:00","description":"Mein Buch \u201eDas Ende der Ersch\u00f6pfung\u201c ist am 2. Mai im L\u00f6wenzahn Verlag erschienen. Darin stelle ich verschiedene Vorschl\u00e4ge vor, wie eine Wirtschaft","breadcrumb":{"@id":"https:\/\/katharinamau.de\/journalistin\/wie-wir-eine-welt-ohne-wachstum-schaffen#breadcrumb"},"inLanguage":"de","potentialAction":[{"@type":"ReadAction","target":["https:\/\/katharinamau.de\/journalistin\/wie-wir-eine-welt-ohne-wachstum-schaffen"]}]},{"@type":"ImageObject","inLanguage":"de","@id":"https:\/\/katharinamau.de\/journalistin\/wie-wir-eine-welt-ohne-wachstum-schaffen#primaryimage","url":"https:\/\/katharinamau.de\/wp-content\/uploads\/2024\/04\/Cover_Das-Ende-der-Erschoepfung-206x300.png","contentUrl":"https:\/\/katharinamau.de\/wp-content\/uploads\/2024\/04\/Cover_Das-Ende-der-Erschoepfung-206x300.png"},{"@type":"BreadcrumbList","@id":"https:\/\/katharinamau.de\/journalistin\/wie-wir-eine-welt-ohne-wachstum-schaffen#breadcrumb","itemListElement":[{"@type":"ListItem","position":1,"name":"Startseite","item":"https:\/\/katharinamau.de\/journalistin\/"},{"@type":"ListItem","position":2,"name":"Wie wir eine Welt ohne Wachstum schaffen"}]},{"@type":"WebSite","@id":"https:\/\/katharinamau.de\/journalistin\/#website","url":"https:\/\/katharinamau.de\/journalistin\/","name":"Katharina Mau","description":"Journalistin","potentialAction":[{"@type":"SearchAction","target":{"@type":"EntryPoint","urlTemplate":"https:\/\/katharinamau.de\/journalistin\/?s={search_term_string}"},"query-input":{"@type":"PropertyValueSpecification","valueRequired":true,"valueName":"search_term_string"}}],"inLanguage":"de"}]}},"_links":{"self":[{"href":"https:\/\/katharinamau.de\/journalistin\/wp-json\/wp\/v2\/pages\/623"}],"collection":[{"href":"https:\/\/katharinamau.de\/journalistin\/wp-json\/wp\/v2\/pages"}],"about":[{"href":"https:\/\/katharinamau.de\/journalistin\/wp-json\/wp\/v2\/types\/page"}],"author":[{"embeddable":true,"href":"https:\/\/katharinamau.de\/journalistin\/wp-json\/wp\/v2\/users\/1"}],"replies":[{"embeddable":true,"href":"https:\/\/katharinamau.de\/journalistin\/wp-json\/wp\/v2\/comments?post=623"}],"version-history":[{"count":9,"href":"https:\/\/katharinamau.de\/journalistin\/wp-json\/wp\/v2\/pages\/623\/revisions"}],"predecessor-version":[{"id":641,"href":"https:\/\/katharinamau.de\/journalistin\/wp-json\/wp\/v2\/pages\/623\/revisions\/641"}],"wp:attachment":[{"href":"https:\/\/katharinamau.de\/journalistin\/wp-json\/wp\/v2\/media?parent=623"}],"curies":[{"name":"wp","href":"https:\/\/api.w.org\/{rel}","templated":true}]}}